{"id":6387,"date":"2018-05-24T21:14:49","date_gmt":"2018-05-24T19:14:49","guid":{"rendered":"https:\/\/www.mariemaison.it\/cookie-policy\/"},"modified":"2018-09-06T16:33:17","modified_gmt":"2018-09-06T14:33:17","slug":"cookie-policy","status":"publish","type":"page","link":"https:\/\/www.mariemaison.it\/en\/cookie-policy\/","title":{"rendered":"Cookie Policy"},"content":{"rendered":"<div class=\"bt_bb_wrapper\"><section id=\"bt_bb_section69f990c6b49f2\"  class=\"bt_bb_section bt_bb_top_spacing_normal bt_bb_bottom_spacing_normal bt_bb_layout_boxed_1200 bt_bb_vertical_align_top\" ><div class=\"bt_bb_port\"><div class=\"bt_bb_cell\"><div class=\"bt_bb_cell_inner\"><div class=\"bt_bb_row_wrapper\"><div  class=\"bt_bb_row\" ><div  class=\"bt_bb_column col-xl-12 bt_bb_align_left bt_bb_vertical_align_top bt_bb_padding_normal\"  data-width=\"12\" data-bt-override-class=\"{}\"><div class=\"bt_bb_column_content\"><div class=\"bt_bb_column_content_inner\"><div  class=\"bt_bb_text\" ><p>Come \u00e8 d\u2019uso su tutti i siti web, anche questo sito fa uso di cookie, piccoli file di testo che consentono di conservare informazioni sulle preferenze dei visitatori, per migliorare le funzionalit\u00e0 del sito, per semplificarne la navigazione automatizzando le procedure (es. Login, lingua sito) e per l\u2019analisi dell\u2019uso del sito.<\/p>\n<p>I <strong>cookie di sessione<\/strong> sono essenziali per poter distinguere tra gli utenti collegati, e sono utili per evitare che una funzionalit\u00e0 richiesta possa essere fornita all\u2019utente sbagliato, nonch\u00e9 per fini di sicurezza per impedire attacchi informatici al sito. I cookie di sessione non contengono dati personali e durano per la sola sessione in corso, cio\u00e8 fino alla chiusura del browser. Per essi non occorre consenso.<br \/>\nI <strong>functionality cookie<\/strong> utilizzati dal sito sono strettamente necessari per l\u2019uso del sito, in particolare sono collegati ad una espressa richiesta di funzionalit\u00e0 da parte dell\u2019utente (come il Login), per i quali non occorre alcun consenso.<\/p>\n<p><strong>Utilizzando il sito, continuando la navigazione del sito, oppure cliccando OK sul banner presente al primo accesso al sito, il visitatore acconsente espressamente all\u2019uso dei cookie e delle tecnologie similari<\/strong>, e in particolare alla registrazione di tali cookie sul suo terminale per le finalit\u00e0 sopra indicate, oppure all\u2019accesso tramite i cookie ad informazioni sul suo terminale.<\/p>\n<p><strong>Elenco Cookie presenti nel sito web<\/strong><\/p>\n<p><strong>        <\/p>\n<div class=\"ct-ultimate-gdpr-container\">\n            <label for=\"ct-ultimate-gdpr-party-filter\"> First or Third Party Filter<\/label><br \/>\n            <select name=\"ct-ultimate-gdpr-party-filter\" id=\"ct-ultimate-gdpr-party-filter\"><option value=\"\">Any<\/option><option value=\"First party\">First party<\/option><option value=\"Third party\">Third party<\/option><\/select>\n        <\/div>\n<div id=\"ct-ultimate-gdpr-cookies-table\" class=\"ct-ultimate-gdpr-table-responsive table-responsive\">\n<table>\n<thead>\n<tr>\n<th>\n                            Cookie names                        <\/th>\n<th>\n                            Type of cookie                        <\/th>\n<th>\n                            First or Third party                        <\/th>\n<th>\n                            Can be blocked                        <\/th>\n<th>\n                            Session or Persistent                        <\/th>\n<th>\n                            Expiry Time                        <\/th>\n<th>\n                            Purpose                        <\/th>\n<\/tr>\n<\/thead>\n<tbody><\/tbody>\n<\/table><\/div>\n<p>\t\t<\/strong><\/p>\n<p><strong>Questo sito web non fa uso di Cookie di profilazione, non memorizziamo le tue scelte\/gusti e non vengono creare campagne di remarketing.<\/strong><\/p>\n<p><strong><br \/>\nDisabilitazione cookie<\/strong><\/p>\n<p>I cookies sono collegati al browser utilizzato e\u00a0<strong>POSSONO ESSERE DISABILITATI DIRETTAMENTE DAL BROWSER<\/strong>, cos\u00ec rifiutando\/revocando il consenso all\u2019uso dei cookies. Occorre tenere presente che\u00a0<strong>la disabilitazione dei cookies potrebbe impedire il corretto utilizzo di alcune funzioni del sito stesso<\/strong>.<br \/>\nLe istruzioni per la disabilitazione dei cookies si trovano alle seguenti pagine web:<\/p>\n<p style=\"text-align: center;\"><a href=\"https:\/\/support.mozilla.org\/it\/kb\/Attivare%20e%20disattivare%20i%20cookie\">Mozilla Firefox<\/a>\u00a0\u2013\u00a0<a href=\"https:\/\/support.microsoft.com\/it-it\/help\/17442\/windows-internet-explorer-delete-manage-cookies\">Microsoft Internet Explorer<\/a>\u00a0\u2013\u00a0\u00a0<a href=\"https:\/\/support.microsoft.com\/it-it\/help\/4027947\/windows-delete-cookies\">Microsoft Edge<\/a>\u00a0\u2013\u00a0\u00a0<a href=\"https:\/\/support.google.com\/chrome\/answer\/95647?hl=it\">Google Chrome<\/a> \u2013\u00a0<a href=\"https:\/\/help.opera.com\/en\/latest\/web-preferences\/\">Opera<\/a>\u00a0\u2013\u00a0<a href=\"https:\/\/support.apple.com\/it-it\/HT201265\">Apple Safari<\/a><\/p>\n<p><strong>Cookie di terze parti<\/strong><\/p>\n<p>Il presente sito funge anche da intermediario per cookie di terze parti, utilizzati per poter fornire ulteriori servizi e funzionalit\u00e0 ai visitatori e per migliorare l\u2019uso del sito stesso, come i pulsanti per i social.\u00a0<strong>La presente privacy policy non si applica ai servizi forniti da terze parti, e questo sito non ha alcun controllo sui loro cookie, interamente gestiti dalle terze parti\u00a0<\/strong>e non ha alcun accesso alle informazioni raccolte tramite detti cookie. Il contratto di cessione dati avviene direttamente tra l\u2019utente\/visitatore e le terze parti, mentre questo sito non partecipa in alcun modo a tale cessione. In conseguenza di ci\u00f2 le informazioni sull\u2019uso dei detti cookies e sulle finalit\u00e0 degli stessi, nonch\u00e9 sulle modalit\u00e0 per l\u2019eventuale disabilitazione, sono fornite direttamente dalle terze parti alle pagine qui sotto indicate.<\/p>\n<p>In particolare il presente sito utilizza cookies delle seguenti terze parti:<\/p>\n<p>\u2013\u00a0<strong>Google<\/strong>\u00a0(<strong>Google Analytics cookie<\/strong>): Google Analytics \u00e8 uno strumento di analisi di Google che attraverso l\u2019uso di cookie (performance cookie) raccoglie\u00a0<strong>dati di navigazione anonimi\u00a0<\/strong>(troncati all\u2019ultimo ottetto) allo scopo di esaminare l\u2019uso del sito da parte degli utenti, compilare report sulle attivit\u00e0 nel sito e fornire altre informazioni, compreso il numero dei visitatori e le pagine visitate. Google pu\u00f2 anche trasferire queste informazioni a terzi ove ci\u00f2 sia imposto dalla legge o laddove tali terzi trattino le suddette informazioni per conto di Google. Google non assocer\u00e0 l\u2019indirizzo Ip a nessun altro dato posseduto da Google. I dati trasmessi a Google sono depositati presso i server di Google negli Stati Uniti.<br \/>\nIn base a specifico accordo con Google, che \u00e8 designato quale responsabile del trattamento dei dati degli utenti, questi si impegna a trattare i dati in base alle richieste del Titolare, impartite direttamente tramite le impostazioni del software. In base a tali impostazioni le opzioni pubblicitarie e di condivisione dei dati sono disattivate.<\/p>\n<p>Ulteriori informazioni sui cookies di Google Analytics si trovano alla pagina\u00a0<a href=\"https:\/\/developers.google.com\/analytics\/devguides\/collection\/analyticsjs\/cookie-usage\">Google Analytics Cookie Usage on Websites<\/a>.<\/p>\n<p>L\u2019utente pu\u00f2\u00a0<strong>disabilitare<\/strong>\u00a0(opt-out) in modo selettivo la raccolta dei dati da parte di Google Analytics\u00a0installando sul proprio browser l\u2019<a href=\"https:\/\/tools.google.com\/dlpage\/gaoptout\">apposito componente fornito da Google<\/a>\u00a0(opt out).<\/p>\n<p>\u2013\u00a0<strong>Google<\/strong>\u00a0(<strong>Youtube cookie<\/strong>). Youtube \u00e8 una piattaforma di propriet\u00e0 di Google, per la condivisione di video, che utilizza cookie per raccogliere informazioni degli utenti e dei dispositivi di navigazione.<\/p>\n<p>La maggior parte dei video presenti nel sito non veicolano cookie all\u2019accesso della pagina, essendo stata impostata l\u2019<strong>opzione \u201c<\/strong><strong><a href=\"https:\/\/support.google.com\/youtube\/answer\/171780?expand=PrivacyEnhancedMode#privacy\">privacy avanzata<\/a><\/strong><strong>\u00a0(no cookie)\u201d<\/strong>\u00a0che fa in modo che YouTube non memorizzi le informazioni sui visitatori a meno che non riproducano volontariamente il video.<\/p>\n<p>Per ulteriori informazioni sull\u2019uso dei dati e sul loro trattamento da parte di Google si raccomanda di prendere visione delle informazioni alla\u00a0<a href=\"http:\/\/www.google.com\/intl\/it\/policies\/privacy\/\">pagina predisposta da Google<\/a>, e alla pagina\u00a0e alla pagina sulle\u00a0<a href=\"https:\/\/policies.google.com\/privacy\/partners?hl=it\">Modalit\u00e0 di utilizzo dei dati da parte di Google quando si utilizzano siti o app dei partner<\/a>.<\/p>\n<p><strong>Plugin Social Network e APP<\/strong><\/p>\n<p>Il presente sito incorpora anche plugin e\/o bottoni per i social network, al fine di consentire una facile condivisione dei contenuti sui vostri social network preferiti. Tali plugin sono programmati in modo da non impostare alcun cookie all\u2019accesso della pagina, per salvaguardare la privacy degli utenti. Eventualmente i cookie vengono impostati, se cos\u00ec previsto dai social network, solo quando l\u2019utente fa effettivo e volontario uso del plugin. Si tenga presente che se l\u2019utente naviga essendo loggato nel social network allora ha gi\u00e0 acconsentito all\u2019uso dei cookie veicolati tramite questo sito al momento dell\u2019iscrizione al social network.<br \/>\nLa raccolta e l\u2019uso delle informazioni ottenute a mezzo del plugin sono regolati dalle rispettive informative privacy dei social network, alle quali si prega di fare riferimento.<br \/>\nAll\u2019interno del sito web \u00e8 presente un servizio Chat dove poter scambiare informazioni e richieste informazioni. E\u2019 possibile leggere l\u2019informativa del servizio chat a questo link:\u00a0https:\/\/www.smartsupp.com\/it\/privacy.<\/p>\n<p>\u2013\u00a0<a href=\"https:\/\/www.facebook.com\/about\/privacy\/\">Facebook<\/a>\u00a0(<a href=\"https:\/\/www.facebook.com\/help\/cookies\/\">link informativa cookie<\/a>)<br \/>\n\u2013\u00a0<a href=\"https:\/\/twitter.com\/privacy?lang=it\">Twitter<\/a>\u00a0(<a href=\"https:\/\/support.twitter.com\/articles\/20170519-uso-dei-cookie-e-di-altre-tecnologie-simili-da-parte-di-twitter\">link informativa cookie<\/a>)<br \/>\n\u2013\u00a0<a href=\"https:\/\/www.linkedin.com\/legal\/privacy-policy\">LinkedIn<\/a>\u00a0(<a href=\"https:\/\/www.linkedin.com\/legal\/cookie-policy\">link informativa cookie<\/a>)<br \/>\n\u2013\u00a0<a href=\"http:\/\/www.google.com\/intl\/it\/policies\/privacy\/\">Google+<\/a>\u00a0(<a href=\"http:\/\/www.google.it\/intl\/it\/policies\/technologies\/cookies\/\">link informativa cookie<\/a>).<\/p>\n<p><strong>Trasferimento di dati in paesi extra UE<\/strong><\/p>\n<p>Il presente sito potrebbe condividere alcuni dei dati raccolti con servizi localizzati al di fuori dell\u2019area dell\u2019Unione Europea. In particolare con Google, Facebook e Microsoft (LinkedIn) tramite i social plugin e il servizio di Google Analytics. Il trasferimento \u00e8 autorizzato in base a specifiche\u00a0<a href=\"http:\/\/www.garanteprivacy.it\/home\/provvedimenti-normativa\/normativa\/normativa-comunitaria-e-intenazionale\/trasferimento-dei-dati-verso-paesi-terzi\">decisioni dell\u2019Unione Europea e del Garante per la tutela dei dati personali<\/a>, in particolare la decisione 1250\/2016 (<a href=\"http:\/\/eur-lex.europa.eu\/legal-content\/IT\/TXT\/?uri=CELEX%3A32016D1250\">Privacy Shield<\/a>\u00a0\u2013 qui la\u00a0<a href=\"http:\/\/www.garanteprivacy.it\/web\/guest\/home\/docweb\/-\/docweb-display\/docweb\/5306161\">pagina informativa del Garante italiano<\/a>), per cui non occorre ulteriore consenso. Le aziende sopra menzionate garantiscono la propria adesione al Privacy Shield.<\/p>\n<p><strong>Misure di sicurezza<\/strong><\/p>\n<p>Il presente sito tratta i dati degli utenti in maniera lecita e corretta, adottando le opportune misure di sicurezza volte ad impedire accessi non autorizzati, divulgazione, modifica o distruzione non autorizzata dei dati. Il trattamento viene effettuato mediante strumenti informatici e\/o telematici, con modalit\u00e0 organizzative e con logiche strettamente correlate alle finalit\u00e0 indicate. In particolare il software di gestione dei sito \u00e8 costantemente aggiornato, e regolarmente scansionato al fine di verificare la presenza di virus e codici pericolosi.<br \/>\nOltre al titolare, in alcuni casi, potrebbero avere accesso ai dati categorie di incaricati coinvolti nell\u2019organizzazione del sito (personale amministrativo, commerciale, marketing, legali, amministratori di sistema) ovvero soggetti esterni (come fornitori di servizi tecnici terzi, corrieri postali, hosting provider, societ\u00e0 informatiche, agenzie di comunicazione).<\/p>\n<p><strong>Diritti dell\u2019utente<\/strong><\/p>\n<p>Ai sensi del Regolamento europeo 679\/2016 (GDPR) e dell\u2019art. 7 del D. Lgs. 30 giugno 2003, n. 196 <a href=\"http:\/\/www.garanteprivacy.it\/web\/guest\/home\/docweb\/-\/docweb-display\/docweb\/1311248\">http:\/\/www.garanteprivacy.it\/web\/guest\/home\/docweb\/-\/docweb-display\/docweb\/1311248<\/a> , l\u2019Utente pu\u00f2, secondo le modalit\u00e0 e nei limiti previsti dalla vigente normativa, esercitare i seguenti diritti:<\/p>\n<p>\u2013 opporsi in tutto o in parte, per motivi legittimi al trattamento dei dati personali che lo riguardano ai fini di invio di materiale pubblicitario o di vendita diretta o per il compimento di ricerche di mercato o di comunicazione commerciale;<br \/>\n\u2013 richiedere la conferma dell\u2019esistenza di dati personali che lo riguardano (diritto di accesso);<br \/>\n\u2013 conoscerne l\u2019origine;<br \/>\n\u2013 riceverne comunicazione intelligibile;<br \/>\n\u2013 avere informazioni circa la logica, le modalit\u00e0 e le finalit\u00e0 del trattamento;<br \/>\n\u2013 richiederne l\u2019aggiornamento, la rettifica, l\u2019integrazione, la cancellazione, la trasformazione in forma anonima, il blocco dei dati trattati in violazione di legge, ivi compresi quelli non pi\u00f9 necessari al perseguimento degli scopi per i quali sono stati raccolti;<br \/>\n\u2013 nei casi di trattamento basato su consenso, ricevere al solo costo dell\u2019eventuale supporto, i suoi dati forniti al titolare, in forma strutturata e leggibile da un elaboratore di dati e in un formato comunemente usato da un dispositivo elettronico;<br \/>\n\u2013 il diritto di presentare un reclamo all\u2019Autorit\u00e0 di controllo (Garante Privacy \u2013\u00a0<a href=\"http:\/\/www.garanteprivacy.it\/web\/guest\/home\/docweb\/-\/docweb-display\/docweb\/4535524\">link alla pagina del Garante<\/a>);<br \/>\n\u2013 nonch\u00e9, pi\u00f9 in generale, esercitare tutti i diritti che gli sono riconosciuti dalle vigenti disposizioni di legge.<\/p>\n<p>Nel caso in cui i dati siano trattati in base ai\u00a0<strong>legittimi interessi<\/strong>\u00a0sono comunque garantiti i diritti degli interessati al trattamento (tranne il diritto alla portabilit\u00e0 che non \u00e8 previsto dalle norme), in particolare il diritto di opposizione al trattamento che pu\u00f2 essere esercitato inviando una richiesta al titolare del trattamento.<\/p>\n<p>Le richieste vanno rivolte al Titolare del trattamento.<\/p>\n<p><strong><br \/>\nTitolare del trattamento<\/strong><br \/>\nTitolare del trattamento ai sensi delle leggi vigenti \u00e8 l\u2019amministratore del sito, Marie Maison, Via Modica Ispica 15, 97015 Modica.<\/p>\n<p>Il web hosting (Aruba), \u00e8 nominato responsabile del trattamento, elaborando i dati per conto del titolare. Aruba si trova nello Spazio Economico Europeo e agisce in conformit\u00e0 delle norme europee (policy privacy di Aruba).<br \/>\nGoogle \u00e8 nominato responsabile del trattamento, elaborando dati per conto del titolare (Google Analytics).<\/p>\n<p><strong>\u00a0<\/strong><\/p>\n<p><strong>Aggiornamenti<\/strong><\/p>\n<p>La presente privacy policy \u00e8 aggiornata alla data del 06 Settembre 2018.<\/p>\n<p>Garante della Privacy sui Cookie:<\/p>\n<p><a href=\"http:\/\/www.garanteprivacy.it\/web\/guest\/home\/docweb\/-\/docweb-display\/docweb\/3585077\">Informativa e consenso per l\u2019uso dei cookie<\/a><br \/>\n<a href=\"http:\/\/www.garanteprivacy.it\/web\/guest\/home\/docweb\/-\/docweb-display\/docweb\/2142939\">Faq in materia di cookie<\/a><\/p>\n<\/div><\/div><\/div><\/div><\/div><\/div><\/div><\/div><\/div><\/section><\/div>","protected":false},"excerpt":{"rendered":"","protected":false},"author":2,"featured_media":0,"parent":0,"menu_order":0,"comment_status":"closed","ping_status":"closed","template":"","meta":[],"yoast_head":"<!-- This site is optimized with the Yoast SEO plugin v17.1 - https:\/\/yoast.com\/wordpress\/plugins\/seo\/ -->\n<title>Cookie Policy - Marie Maison Sicilian Design<\/title>\n<meta name=\"robots\" content=\"index, follow, max-snippet:-1, max-image-preview:large, max-video-preview:-1\" \/>\n<link rel=\"canonical\" href=\"https:\/\/www.mariemaison.it\/en\/cookie-policy\/\" \/>\n<meta property=\"og:locale\" content=\"en_US\" \/>\n<meta property=\"og:type\" content=\"article\" \/>\n<meta property=\"og:title\" content=\"Cookie Policy - Marie Maison Sicilian Design\" \/>\n<meta property=\"og:url\" content=\"https:\/\/www.mariemaison.it\/en\/cookie-policy\/\" \/>\n<meta property=\"og:site_name\" content=\"Marie Maison Sicilian Design\" \/>\n<meta property=\"article:modified_time\" content=\"2018-09-06T14:33:17+00:00\" \/>\n<meta name=\"twitter:card\" content=\"summary_large_image\" \/>\n<meta name=\"twitter:label1\" content=\"Est. reading time\" \/>\n\t<meta name=\"twitter:data1\" content=\"9 minutes\" \/>\n<script type=\"application\/ld+json\" class=\"yoast-schema-graph\">{\"@context\":\"https:\/\/schema.org\",\"@graph\":[{\"@type\":\"WebSite\",\"@id\":\"https:\/\/www.mariemaison.it\/#website\",\"url\":\"https:\/\/www.mariemaison.it\/\",\"name\":\"Marie Maison Sicilian Design\",\"description\":\"Mobili e creazioni artigianali a Modica\",\"potentialAction\":[{\"@type\":\"SearchAction\",\"target\":{\"@type\":\"EntryPoint\",\"urlTemplate\":\"https:\/\/www.mariemaison.it\/?s={search_term_string}\"},\"query-input\":\"required name=search_term_string\"}],\"inLanguage\":\"en-US\"},{\"@type\":\"WebPage\",\"@id\":\"https:\/\/www.mariemaison.it\/en\/cookie-policy\/#webpage\",\"url\":\"https:\/\/www.mariemaison.it\/en\/cookie-policy\/\",\"name\":\"Cookie Policy - Marie Maison Sicilian Design\",\"isPartOf\":{\"@id\":\"https:\/\/www.mariemaison.it\/#website\"},\"datePublished\":\"2018-05-24T19:14:49+00:00\",\"dateModified\":\"2018-09-06T14:33:17+00:00\",\"breadcrumb\":{\"@id\":\"https:\/\/www.mariemaison.it\/en\/cookie-policy\/#breadcrumb\"},\"inLanguage\":\"en-US\",\"potentialAction\":[{\"@type\":\"ReadAction\",\"target\":[\"https:\/\/www.mariemaison.it\/en\/cookie-policy\/\"]}]},{\"@type\":\"BreadcrumbList\",\"@id\":\"https:\/\/www.mariemaison.it\/en\/cookie-policy\/#breadcrumb\",\"itemListElement\":[{\"@type\":\"ListItem\",\"position\":1,\"name\":\"Home\",\"item\":\"https:\/\/www.mariemaison.it\/en\/\"},{\"@type\":\"ListItem\",\"position\":2,\"name\":\"Cookie Policy\"}]}]}<\/script>\n<!-- \/ Yoast SEO plugin. -->","yoast_head_json":{"title":"Cookie Policy - Marie Maison Sicilian Design","robots":{"index":"index","follow":"follow","max-snippet":"max-snippet:-1","max-image-preview":"max-image-preview:large","max-video-preview":"max-video-preview:-1"},"canonical":"https:\/\/www.mariemaison.it\/en\/cookie-policy\/","og_locale":"en_US","og_type":"article","og_title":"Cookie Policy - Marie Maison Sicilian Design","og_url":"https:\/\/www.mariemaison.it\/en\/cookie-policy\/","og_site_name":"Marie Maison Sicilian Design","article_modified_time":"2018-09-06T14:33:17+00:00","twitter_card":"summary_large_image","twitter_misc":{"Est. reading time":"9 minutes"},"schema":{"@context":"https:\/\/schema.org","@graph":[{"@type":"WebSite","@id":"https:\/\/www.mariemaison.it\/#website","url":"https:\/\/www.mariemaison.it\/","name":"Marie Maison Sicilian Design","description":"Mobili e creazioni artigianali a Modica","potentialAction":[{"@type":"SearchAction","target":{"@type":"EntryPoint","urlTemplate":"https:\/\/www.mariemaison.it\/?s={search_term_string}"},"query-input":"required name=search_term_string"}],"inLanguage":"en-US"},{"@type":"WebPage","@id":"https:\/\/www.mariemaison.it\/en\/cookie-policy\/#webpage","url":"https:\/\/www.mariemaison.it\/en\/cookie-policy\/","name":"Cookie Policy - Marie Maison Sicilian Design","isPartOf":{"@id":"https:\/\/www.mariemaison.it\/#website"},"datePublished":"2018-05-24T19:14:49+00:00","dateModified":"2018-09-06T14:33:17+00:00","breadcrumb":{"@id":"https:\/\/www.mariemaison.it\/en\/cookie-policy\/#breadcrumb"},"inLanguage":"en-US","potentialAction":[{"@type":"ReadAction","target":["https:\/\/www.mariemaison.it\/en\/cookie-policy\/"]}]},{"@type":"BreadcrumbList","@id":"https:\/\/www.mariemaison.it\/en\/cookie-policy\/#breadcrumb","itemListElement":[{"@type":"ListItem","position":1,"name":"Home","item":"https:\/\/www.mariemaison.it\/en\/"},{"@type":"ListItem","position":2,"name":"Cookie Policy"}]}]}},"_links":{"self":[{"href":"https:\/\/www.mariemaison.it\/en\/wp-json\/wp\/v2\/pages\/6387"}],"collection":[{"href":"https:\/\/www.mariemaison.it\/en\/wp-json\/wp\/v2\/pages"}],"about":[{"href":"https:\/\/www.mariemaison.it\/en\/wp-json\/wp\/v2\/types\/page"}],"author":[{"embeddable":true,"href":"https:\/\/www.mariemaison.it\/en\/wp-json\/wp\/v2\/users\/2"}],"replies":[{"embeddable":true,"href":"https:\/\/www.mariemaison.it\/en\/wp-json\/wp\/v2\/comments?post=6387"}],"version-history":[{"count":0,"href":"https:\/\/www.mariemaison.it\/en\/wp-json\/wp\/v2\/pages\/6387\/revisions"}],"wp:attachment":[{"href":"https:\/\/www.mariemaison.it\/en\/wp-json\/wp\/v2\/media?parent=6387"}],"curies":[{"name":"wp","href":"https:\/\/api.w.org\/{rel}","templated":true}]}}